{"id":6941,"date":"2024-06-25T10:09:23","date_gmt":"2024-06-25T07:09:23","guid":{"rendered":"https:\/\/visitkotkahamina.travel\/?page_id=6941"},"modified":"2025-05-14T17:04:33","modified_gmt":"2025-05-14T14:04:33","slug":"kesaisen-kotkan-parhaat-palat","status":"publish","type":"page","link":"https:\/\/visitkotkahamina.travel\/en\/multiday-packages\/kesaisen-kotkan-parhaat-palat\/","title":{"rendered":"Kes\u00e4isen Kotkan parhaat palat \u2013 Lumoavat puistot ja ihastuttava saaristo"},"content":{"rendered":"","protected":false},"excerpt":{"rendered":"","protected":false},"author":32,"featured_media":5555,"parent":6088,"menu_order":0,"comment_status":"closed","ping_status":"closed","template":"","meta":[],"categories":[],"tags":[],"acf":[],"yoast_head":"<!-- This site is optimized with the Yoast SEO plugin v20.5 - https:\/\/yoast.com\/wordpress\/plugins\/seo\/ -->\n<title>Kes\u00e4isen Kotkan parhaat palat \u2013 Lumoavat puistot ja ihastuttava saaristo - Visit Kotka-Hamina matkapaketit<\/title>\n<meta name=\"description\" content=\"Koe yksin tai yhdess\u00e4 yst\u00e4viesi kanssa kes\u00e4inen Kotka! Y\u00f6vy Sokos Hotel Seurahuoneella ja tutki, mit\u00e4 kes\u00e4isell\u00e4 Kotkalla on tarjottavana.\" \/>\n<meta name=\"robots\" content=\"index, follow, max-snippet:-1, max-image-preview:large, max-video-preview:-1\" \/>\n<link rel=\"canonical\" href=\"https:\/\/visitkotkahamina.travel\/en\/multiday-packages\/kesaisen-kotkan-parhaat-palat\/\" \/>\n<meta property=\"og:locale\" content=\"en_US\" \/>\n<meta property=\"og:type\" content=\"article\" \/>\n<meta property=\"og:title\" content=\"Kes\u00e4isen Kotkan parhaat palat\" \/>\n<meta property=\"og:description\" content=\"Koe yksin tai yhdess\u00e4 yst\u00e4viesi kanssa kes\u00e4inen Kotka! Y\u00f6vy Sokos Hotel Seurahuoneella ja tutki, mit\u00e4 kes\u00e4isell\u00e4 Kotkalla on tarjottavana.\" \/>\n<meta property=\"og:url\" content=\"https:\/\/visitkotkahamina.travel\/en\/multiday-packages\/kesaisen-kotkan-parhaat-palat\/\" \/>\n<meta property=\"og:site_name\" content=\"Visit Kotka-Hamina matkapaketit\" \/>\n<meta property=\"article:modified_time\" content=\"2025-05-14T14:04:33+00:00\" \/>\n<meta property=\"og:image\" content=\"https:\/\/elamys-group.imgix.net\/visit-kotka-hamina\/bdeb27b1fb9fc4165d46a8eff14188d4c94f7236f89eb665c13662e1301b49f3.jpg?auto=compress%2Cformat&fit=scale&h=675&ixlib=php-3.3.1&w=1024&wpsize=large&s=6b3ea38abdc62c45d1dbeaddee284c70\" \/>\n\t<meta property=\"og:image:width\" content=\"1024\" \/>\n\t<meta property=\"og:image:height\" content=\"675\" \/>\n\t<meta property=\"og:image:type\" content=\"image\/jpeg\" \/>\n<meta name=\"twitter:card\" content=\"summary_large_image\" \/>\n<script type=\"application\/ld+json\" class=\"yoast-schema-graph\">{\"@context\":\"https:\/\/schema.org\",\"@graph\":[{\"@type\":\"WebPage\",\"@id\":\"https:\/\/visitkotkahamina.travel\/en\/multiday-packages\/kesaisen-kotkan-parhaat-palat\/\",\"url\":\"https:\/\/visitkotkahamina.travel\/en\/multiday-packages\/kesaisen-kotkan-parhaat-palat\/\",\"name\":\"Kes\u00e4isen Kotkan parhaat palat \u2013 Lumoavat puistot ja ihastuttava saaristo - Visit Kotka-Hamina matkapaketit\",\"isPartOf\":{\"@id\":\"https:\/\/visitkotkahamina.travel\/en\/#website\"},\"datePublished\":\"2024-06-25T07:09:23+00:00\",\"dateModified\":\"2025-05-14T14:04:33+00:00\",\"description\":\"Koe yksin tai yhdess\u00e4 yst\u00e4viesi kanssa kes\u00e4inen Kotka! Y\u00f6vy Sokos Hotel Seurahuoneella ja tutki, mit\u00e4 kes\u00e4isell\u00e4 Kotkalla on tarjottavana.\",\"breadcrumb\":{\"@id\":\"https:\/\/visitkotkahamina.travel\/en\/multiday-packages\/kesaisen-kotkan-parhaat-palat\/#breadcrumb\"},\"inLanguage\":\"en-US\",\"potentialAction\":[{\"@type\":\"ReadAction\",\"target\":[\"https:\/\/visitkotkahamina.travel\/en\/multiday-packages\/kesaisen-kotkan-parhaat-palat\/\"]}]},{\"@type\":\"BreadcrumbList\",\"@id\":\"https:\/\/visitkotkahamina.travel\/en\/multiday-packages\/kesaisen-kotkan-parhaat-palat\/#breadcrumb\",\"itemListElement\":[{\"@type\":\"ListItem\",\"position\":1,\"name\":\"Home\",\"item\":\"https:\/\/visitkotkahamina.travel\/en\/\"},{\"@type\":\"ListItem\",\"position\":2,\"name\":\"Travel packages\",\"item\":\"https:\/\/visitkotkahamina.travel\/en\/multiday-packages\/\"},{\"@type\":\"ListItem\",\"position\":3,\"name\":\"Kes\u00e4isen Kotkan parhaat palat \u2013 Lumoavat puistot ja ihastuttava saaristo\"}]},{\"@type\":\"WebSite\",\"@id\":\"https:\/\/visitkotkahamina.travel\/en\/#website\",\"url\":\"https:\/\/visitkotkahamina.travel\/en\/\",\"name\":\"Visit Kotka-Hamina matkapaketit\",\"description\":\"Hypp\u00e4\u00e4 uuteen seikkailuun!\",\"potentialAction\":[{\"@type\":\"SearchAction\",\"target\":{\"@type\":\"EntryPoint\",\"urlTemplate\":\"https:\/\/visitkotkahamina.travel\/en\/?s={search_term_string}\"},\"query-input\":\"required name=search_term_string\"}],\"inLanguage\":\"en-US\"}]}<\/script>\n<!-- \/ Yoast SEO plugin. -->","yoast_head_json":{"title":"Kes\u00e4isen Kotkan parhaat palat \u2013 Lumoavat puistot ja ihastuttava saaristo - Visit Kotka-Hamina matkapaketit","description":"Koe yksin tai yhdess\u00e4 yst\u00e4viesi kanssa kes\u00e4inen Kotka! Y\u00f6vy Sokos Hotel Seurahuoneella ja tutki, mit\u00e4 kes\u00e4isell\u00e4 Kotkalla on tarjottavana.","robots":{"index":"index","follow":"follow","max-snippet":"max-snippet:-1","max-image-preview":"max-image-preview:large","max-video-preview":"max-video-preview:-1"},"canonical":"https:\/\/visitkotkahamina.travel\/en\/multiday-packages\/kesaisen-kotkan-parhaat-palat\/","og_locale":"en_US","og_type":"article","og_title":"Kes\u00e4isen Kotkan parhaat palat","og_description":"Koe yksin tai yhdess\u00e4 yst\u00e4viesi kanssa kes\u00e4inen Kotka! Y\u00f6vy Sokos Hotel Seurahuoneella ja tutki, mit\u00e4 kes\u00e4isell\u00e4 Kotkalla on tarjottavana.","og_url":"https:\/\/visitkotkahamina.travel\/en\/multiday-packages\/kesaisen-kotkan-parhaat-palat\/","og_site_name":"Visit Kotka-Hamina matkapaketit","article_modified_time":"2025-05-14T14:04:33+00:00","og_image":[{"width":1024,"height":675,"url":"https:\/\/elamys-group.imgix.net\/visit-kotka-hamina\/bdeb27b1fb9fc4165d46a8eff14188d4c94f7236f89eb665c13662e1301b49f3.jpg?auto=compress%2Cformat&fit=scale&h=675&ixlib=php-3.3.1&w=1024&wpsize=large&s=6b3ea38abdc62c45d1dbeaddee284c70","type":"image\/jpeg"}],"twitter_card":"summary_large_image","schema":{"@context":"https:\/\/schema.org","@graph":[{"@type":"WebPage","@id":"https:\/\/visitkotkahamina.travel\/en\/multiday-packages\/kesaisen-kotkan-parhaat-palat\/","url":"https:\/\/visitkotkahamina.travel\/en\/multiday-packages\/kesaisen-kotkan-parhaat-palat\/","name":"Kes\u00e4isen Kotkan parhaat palat \u2013 Lumoavat puistot ja ihastuttava saaristo - Visit Kotka-Hamina matkapaketit","isPartOf":{"@id":"https:\/\/visitkotkahamina.travel\/en\/#website"},"datePublished":"2024-06-25T07:09:23+00:00","dateModified":"2025-05-14T14:04:33+00:00","description":"Koe yksin tai yhdess\u00e4 yst\u00e4viesi kanssa kes\u00e4inen Kotka! Y\u00f6vy Sokos Hotel Seurahuoneella ja tutki, mit\u00e4 kes\u00e4isell\u00e4 Kotkalla on tarjottavana.","breadcrumb":{"@id":"https:\/\/visitkotkahamina.travel\/en\/multiday-packages\/kesaisen-kotkan-parhaat-palat\/#breadcrumb"},"inLanguage":"en-US","potentialAction":[{"@type":"ReadAction","target":["https:\/\/visitkotkahamina.travel\/en\/multiday-packages\/kesaisen-kotkan-parhaat-palat\/"]}]},{"@type":"BreadcrumbList","@id":"https:\/\/visitkotkahamina.travel\/en\/multiday-packages\/kesaisen-kotkan-parhaat-palat\/#breadcrumb","itemListElement":[{"@type":"ListItem","position":1,"name":"Home","item":"https:\/\/visitkotkahamina.travel\/en\/"},{"@type":"ListItem","position":2,"name":"Travel packages","item":"https:\/\/visitkotkahamina.travel\/en\/multiday-packages\/"},{"@type":"ListItem","position":3,"name":"Kes\u00e4isen Kotkan parhaat palat \u2013 Lumoavat puistot ja ihastuttava saaristo"}]},{"@type":"WebSite","@id":"https:\/\/visitkotkahamina.travel\/en\/#website","url":"https:\/\/visitkotkahamina.travel\/en\/","name":"Visit Kotka-Hamina matkapaketit","description":"Hypp\u00e4\u00e4 uuteen seikkailuun!","potentialAction":[{"@type":"SearchAction","target":{"@type":"EntryPoint","urlTemplate":"https:\/\/visitkotkahamina.travel\/en\/?s={search_term_string}"},"query-input":"required name=search_term_string"}],"inLanguage":"en-US"}]}},"_links":{"self":[{"href":"https:\/\/visitkotkahamina.travel\/en\/wp-json\/wp\/v2\/pages\/6941"}],"collection":[{"href":"https:\/\/visitkotkahamina.travel\/en\/wp-json\/wp\/v2\/pages"}],"about":[{"href":"https:\/\/visitkotkahamina.travel\/en\/wp-json\/wp\/v2\/types\/page"}],"author":[{"embeddable":true,"href":"https:\/\/visitkotkahamina.travel\/en\/wp-json\/wp\/v2\/users\/32"}],"replies":[{"embeddable":true,"href":"https:\/\/visitkotkahamina.travel\/en\/wp-json\/wp\/v2\/comments?post=6941"}],"version-history":[{"count":11,"href":"https:\/\/visitkotkahamina.travel\/en\/wp-json\/wp\/v2\/pages\/6941\/revisions"}],"predecessor-version":[{"id":7414,"href":"https:\/\/visitkotkahamina.travel\/en\/wp-json\/wp\/v2\/pages\/6941\/revisions\/7414"}],"up":[{"embeddable":true,"href":"https:\/\/visitkotkahamina.travel\/en\/wp-json\/wp\/v2\/pages\/6088"}],"wp:featuredmedia":[{"embeddable":true,"href":"https:\/\/visitkotkahamina.travel\/en\/wp-json\/wp\/v2\/media\/5555"}],"wp:attachment":[{"href":"https:\/\/visitkotkahamina.travel\/en\/wp-json\/wp\/v2\/media?parent=6941"}],"wp:term":[{"taxonomy":"category","embeddable":true,"href":"https:\/\/visitkotkahamina.travel\/en\/wp-json\/wp\/v2\/categories?post=6941"},{"taxonomy":"post_tag","embeddable":true,"href":"https:\/\/visitkotkahamina.travel\/en\/wp-json\/wp\/v2\/tags?post=6941"}],"curies":[{"name":"wp","href":"https:\/\/api.w.org\/{rel}","templated":true}]}}