{"id":6362,"date":"2024-02-22T15:22:28","date_gmt":"2024-02-22T13:22:28","guid":{"rendered":"https:\/\/visitkotkahamina.travel\/multiday-packages\/pyhtaan-aktiviteetit\/"},"modified":"2025-04-16T13:12:10","modified_gmt":"2025-04-16T10:12:10","slug":"activities-in-pyhtaa","status":"publish","type":"page","link":"https:\/\/visitkotkahamina.travel\/en\/multiday-packages\/activities-in-pyhtaa\/","title":{"rendered":"Activities in Pyht\u00e4\u00e4"},"content":{"rendered":"","protected":false},"excerpt":{"rendered":"","protected":false},"author":32,"featured_media":5633,"parent":6088,"menu_order":0,"comment_status":"closed","ping_status":"closed","template":"","meta":[],"categories":[],"tags":[],"acf":[],"yoast_head":"<!-- This site is optimized with the Yoast SEO plugin v20.5 - https:\/\/yoast.com\/wordpress\/plugins\/seo\/ -->\n<title>Activities in Pyht\u00e4\u00e4 - Visit Kotka-Hamina matkapaketit<\/title>\n<meta name=\"description\" content=\"Activities in Pyht\u00e4\u00e4. Enjoy Valkmusa National Park, indoor skydiving, and whitewater rafting over two days with your group.\" \/>\n<meta name=\"robots\" content=\"index, follow, max-snippet:-1, max-image-preview:large, max-video-preview:-1\" \/>\n<link rel=\"canonical\" href=\"https:\/\/visitkotkahamina.travel\/en\/multiday-packages\/activities-in-pyhtaa\/\" \/>\n<meta property=\"og:locale\" content=\"en_US\" \/>\n<meta property=\"og:type\" content=\"article\" \/>\n<meta property=\"og:title\" content=\"Activities in Pyht\u00e4\u00e4\" \/>\n<meta property=\"og:description\" content=\"Activities in Pyht\u00e4\u00e4. Enjoy Valkmusa National Park, indoor skydiving, and whitewater rafting over two days with your group.\" \/>\n<meta property=\"og:url\" content=\"https:\/\/visitkotkahamina.travel\/en\/multiday-packages\/activities-in-pyhtaa\/\" \/>\n<meta property=\"og:site_name\" content=\"Visit Kotka-Hamina matkapaketit\" \/>\n<meta property=\"article:modified_time\" content=\"2025-04-16T10:12:10+00:00\" \/>\n<meta property=\"og:image\" content=\"https:\/\/elamys-group.imgix.net\/visit-kotka-hamina\/Oqn7dS8L-Kotka_Hamina_Valkmusa_national_Park_by_Julia_Kivela_W2A5763.jpg?auto=compress%2Cformat&fit=scale&h=688&ixlib=php-3.3.1&w=1024&wpsize=large&s=bacda2fb8865b02fb2c141727e0c9fc8\" \/>\n\t<meta property=\"og:image:width\" content=\"1024\" \/>\n\t<meta property=\"og:image:height\" content=\"688\" \/>\n\t<meta property=\"og:image:type\" content=\"image\/jpeg\" \/>\n<meta name=\"twitter:card\" content=\"summary_large_image\" \/>\n<meta name=\"twitter:title\" content=\"Activities in Pyht\u00e4\u00e4\" \/>\n<meta name=\"twitter:description\" content=\"Activities in Pyht\u00e4\u00e4. Enjoy Valkmusa National Park, indoor skydiving, and whitewater rafting over two days with your group.\" \/>\n<meta name=\"twitter:image\" content=\"https:\/\/elamys-group.imgix.net\/visit-kotka-hamina\/Oqn7dS8L-Kotka_Hamina_Valkmusa_national_Park_by_Julia_Kivela_W2A5763.jpg?auto=compress%2Cformat&ixlib=php-3.3.1&s=d983e7200ed650adf86e15d4a97a1483\" \/>\n<script type=\"application\/ld+json\" class=\"yoast-schema-graph\">{\"@context\":\"https:\/\/schema.org\",\"@graph\":[{\"@type\":\"WebPage\",\"@id\":\"https:\/\/visitkotkahamina.travel\/en\/multiday-packages\/activities-in-pyhtaa\/\",\"url\":\"https:\/\/visitkotkahamina.travel\/en\/multiday-packages\/activities-in-pyhtaa\/\",\"name\":\"Activities in Pyht\u00e4\u00e4 - Visit Kotka-Hamina matkapaketit\",\"isPartOf\":{\"@id\":\"https:\/\/visitkotkahamina.travel\/en\/#website\"},\"datePublished\":\"2024-02-22T13:22:28+00:00\",\"dateModified\":\"2025-04-16T10:12:10+00:00\",\"description\":\"Activities in Pyht\u00e4\u00e4. Enjoy Valkmusa National Park, indoor skydiving, and whitewater rafting over two days with your group.\",\"breadcrumb\":{\"@id\":\"https:\/\/visitkotkahamina.travel\/en\/multiday-packages\/activities-in-pyhtaa\/#breadcrumb\"},\"inLanguage\":\"en-US\",\"potentialAction\":[{\"@type\":\"ReadAction\",\"target\":[\"https:\/\/visitkotkahamina.travel\/en\/multiday-packages\/activities-in-pyhtaa\/\"]}]},{\"@type\":\"BreadcrumbList\",\"@id\":\"https:\/\/visitkotkahamina.travel\/en\/multiday-packages\/activities-in-pyhtaa\/#breadcrumb\",\"itemListElement\":[{\"@type\":\"ListItem\",\"position\":1,\"name\":\"Home\",\"item\":\"https:\/\/visitkotkahamina.travel\/en\/\"},{\"@type\":\"ListItem\",\"position\":2,\"name\":\"Travel packages\",\"item\":\"https:\/\/visitkotkahamina.travel\/en\/multiday-packages\/\"},{\"@type\":\"ListItem\",\"position\":3,\"name\":\"Activities in Pyht\u00e4\u00e4\"}]},{\"@type\":\"WebSite\",\"@id\":\"https:\/\/visitkotkahamina.travel\/en\/#website\",\"url\":\"https:\/\/visitkotkahamina.travel\/en\/\",\"name\":\"Visit Kotka-Hamina matkapaketit\",\"description\":\"Hypp\u00e4\u00e4 uuteen seikkailuun!\",\"potentialAction\":[{\"@type\":\"SearchAction\",\"target\":{\"@type\":\"EntryPoint\",\"urlTemplate\":\"https:\/\/visitkotkahamina.travel\/en\/?s={search_term_string}\"},\"query-input\":\"required name=search_term_string\"}],\"inLanguage\":\"en-US\"}]}<\/script>\n<!-- \/ Yoast SEO plugin. -->","yoast_head_json":{"title":"Activities in Pyht\u00e4\u00e4 - Visit Kotka-Hamina matkapaketit","description":"Activities in Pyht\u00e4\u00e4. Enjoy Valkmusa National Park, indoor skydiving, and whitewater rafting over two days with your group.","robots":{"index":"index","follow":"follow","max-snippet":"max-snippet:-1","max-image-preview":"max-image-preview:large","max-video-preview":"max-video-preview:-1"},"canonical":"https:\/\/visitkotkahamina.travel\/en\/multiday-packages\/activities-in-pyhtaa\/","og_locale":"en_US","og_type":"article","og_title":"Activities in Pyht\u00e4\u00e4","og_description":"Activities in Pyht\u00e4\u00e4. Enjoy Valkmusa National Park, indoor skydiving, and whitewater rafting over two days with your group.","og_url":"https:\/\/visitkotkahamina.travel\/en\/multiday-packages\/activities-in-pyhtaa\/","og_site_name":"Visit Kotka-Hamina matkapaketit","article_modified_time":"2025-04-16T10:12:10+00:00","og_image":[{"width":1024,"height":688,"url":"https:\/\/elamys-group.imgix.net\/visit-kotka-hamina\/Oqn7dS8L-Kotka_Hamina_Valkmusa_national_Park_by_Julia_Kivela_W2A5763.jpg?auto=compress%2Cformat&fit=scale&h=688&ixlib=php-3.3.1&w=1024&wpsize=large&s=bacda2fb8865b02fb2c141727e0c9fc8","type":"image\/jpeg"}],"twitter_card":"summary_large_image","twitter_title":"Activities in Pyht\u00e4\u00e4","twitter_description":"Activities in Pyht\u00e4\u00e4. Enjoy Valkmusa National Park, indoor skydiving, and whitewater rafting over two days with your group.","twitter_image":"https:\/\/elamys-group.imgix.net\/visit-kotka-hamina\/Oqn7dS8L-Kotka_Hamina_Valkmusa_national_Park_by_Julia_Kivela_W2A5763.jpg?auto=compress%2Cformat&ixlib=php-3.3.1&s=d983e7200ed650adf86e15d4a97a1483","schema":{"@context":"https:\/\/schema.org","@graph":[{"@type":"WebPage","@id":"https:\/\/visitkotkahamina.travel\/en\/multiday-packages\/activities-in-pyhtaa\/","url":"https:\/\/visitkotkahamina.travel\/en\/multiday-packages\/activities-in-pyhtaa\/","name":"Activities in Pyht\u00e4\u00e4 - Visit Kotka-Hamina matkapaketit","isPartOf":{"@id":"https:\/\/visitkotkahamina.travel\/en\/#website"},"datePublished":"2024-02-22T13:22:28+00:00","dateModified":"2025-04-16T10:12:10+00:00","description":"Activities in Pyht\u00e4\u00e4. Enjoy Valkmusa National Park, indoor skydiving, and whitewater rafting over two days with your group.","breadcrumb":{"@id":"https:\/\/visitkotkahamina.travel\/en\/multiday-packages\/activities-in-pyhtaa\/#breadcrumb"},"inLanguage":"en-US","potentialAction":[{"@type":"ReadAction","target":["https:\/\/visitkotkahamina.travel\/en\/multiday-packages\/activities-in-pyhtaa\/"]}]},{"@type":"BreadcrumbList","@id":"https:\/\/visitkotkahamina.travel\/en\/multiday-packages\/activities-in-pyhtaa\/#breadcrumb","itemListElement":[{"@type":"ListItem","position":1,"name":"Home","item":"https:\/\/visitkotkahamina.travel\/en\/"},{"@type":"ListItem","position":2,"name":"Travel packages","item":"https:\/\/visitkotkahamina.travel\/en\/multiday-packages\/"},{"@type":"ListItem","position":3,"name":"Activities in Pyht\u00e4\u00e4"}]},{"@type":"WebSite","@id":"https:\/\/visitkotkahamina.travel\/en\/#website","url":"https:\/\/visitkotkahamina.travel\/en\/","name":"Visit Kotka-Hamina matkapaketit","description":"Hypp\u00e4\u00e4 uuteen seikkailuun!","potentialAction":[{"@type":"SearchAction","target":{"@type":"EntryPoint","urlTemplate":"https:\/\/visitkotkahamina.travel\/en\/?s={search_term_string}"},"query-input":"required name=search_term_string"}],"inLanguage":"en-US"}]}},"_links":{"self":[{"href":"https:\/\/visitkotkahamina.travel\/en\/wp-json\/wp\/v2\/pages\/6362"}],"collection":[{"href":"https:\/\/visitkotkahamina.travel\/en\/wp-json\/wp\/v2\/pages"}],"about":[{"href":"https:\/\/visitkotkahamina.travel\/en\/wp-json\/wp\/v2\/types\/page"}],"author":[{"embeddable":true,"href":"https:\/\/visitkotkahamina.travel\/en\/wp-json\/wp\/v2\/users\/32"}],"replies":[{"embeddable":true,"href":"https:\/\/visitkotkahamina.travel\/en\/wp-json\/wp\/v2\/comments?post=6362"}],"version-history":[{"count":9,"href":"https:\/\/visitkotkahamina.travel\/en\/wp-json\/wp\/v2\/pages\/6362\/revisions"}],"predecessor-version":[{"id":7170,"href":"https:\/\/visitkotkahamina.travel\/en\/wp-json\/wp\/v2\/pages\/6362\/revisions\/7170"}],"up":[{"embeddable":true,"href":"https:\/\/visitkotkahamina.travel\/en\/wp-json\/wp\/v2\/pages\/6088"}],"wp:featuredmedia":[{"embeddable":true,"href":"https:\/\/visitkotkahamina.travel\/en\/wp-json\/wp\/v2\/media\/5633"}],"wp:attachment":[{"href":"https:\/\/visitkotkahamina.travel\/en\/wp-json\/wp\/v2\/media?parent=6362"}],"wp:term":[{"taxonomy":"category","embeddable":true,"href":"https:\/\/visitkotkahamina.travel\/en\/wp-json\/wp\/v2\/categories?post=6362"},{"taxonomy":"post_tag","embeddable":true,"href":"https:\/\/visitkotkahamina.travel\/en\/wp-json\/wp\/v2\/tags?post=6362"}],"curies":[{"name":"wp","href":"https:\/\/api.w.org\/{rel}","templated":true}]}}