{"id":2464,"date":"2022-02-15T18:14:15","date_gmt":"2022-02-15T16:14:15","guid":{"rendered":"https:\/\/visitkotkahamina.travel\/?page_id=2464"},"modified":"2022-02-22T15:37:51","modified_gmt":"2022-02-22T13:37:51","slug":"aktivitaeten","status":"publish","type":"page","link":"https:\/\/visitkotkahamina.travel\/de\/aktivitaeten\/","title":{"rendered":"Aktivit\u00e4ten"},"content":{"rendered":"<div id=\"cs-content\" class=\"cs-content\"><\/div>\n","protected":false},"excerpt":{"rendered":"<p>Aktivit\u00e4tenSOMETHING FOR EVERYONEEnjoy multiple activities and services of the Southeast CoastUnterk\u00fcnfteUnforgettable accommodation destinationsLass dich von den vielf\u00e4ltigen Unterkunftsm\u00f6glichkeiten inspirieren, die in der wundersch\u00f6nen Natur und im Herzen der St\u00e4dte auf dich warten. Eine H\u00fctte am Flussufer, Luxusvilla im Wald oder Hotel am Meer? Wenn dir die Entscheidung schwerf\u00e4llt, dann planen doch eine kleine Tour und erlebe alles auf einmal \u2013 &#8230; <\/p>\n<div><a href=\"https:\/\/visitkotkahamina.travel\/de\/aktivitaeten\/\" class=\"more-link\">Read More<\/a><\/div>\n","protected":false},"author":6,"featured_media":2466,"parent":0,"menu_order":0,"comment_status":"closed","ping_status":"closed","template":"template-blank-4.php","meta":[],"categories":[],"tags":[],"acf":[],"yoast_head":"<!-- This site is optimized with the Yoast SEO plugin v20.5 - https:\/\/yoast.com\/wordpress\/plugins\/seo\/ -->\n<title>Aktivit\u00e4ten - Visit Kotka-Hamina matkapaketit<\/title>\n<meta name=\"robots\" content=\"index, follow, max-snippet:-1, max-image-preview:large, max-video-preview:-1\" \/>\n<link rel=\"canonical\" href=\"https:\/\/visitkotkahamina.travel\/de\/aktivitaeten\/\" \/>\n<meta property=\"og:locale\" content=\"de_DE\" \/>\n<meta property=\"og:type\" content=\"article\" \/>\n<meta property=\"og:title\" content=\"Aktivit\u00e4ten - Visit Kotka-Hamina matkapaketit\" \/>\n<meta property=\"og:description\" content=\"Aktivit\u00e4tenSOMETHING FOR EVERYONEEnjoy multiple activities and services of the Southeast CoastUnterk\u00fcnfteUnforgettable accommodation destinationsLass dich von den vielf\u00e4ltigen Unterkunftsm\u00f6glichkeiten inspirieren, die in der wundersch\u00f6nen Natur und im Herzen der St\u00e4dte auf dich warten. Eine H\u00fctte am Flussufer, Luxusvilla im Wald oder Hotel am Meer? Wenn dir die Entscheidung schwerf\u00e4llt, dann planen doch eine kleine Tour und erlebe alles auf einmal \u2013 ... Read More\" \/>\n<meta property=\"og:url\" content=\"https:\/\/visitkotkahamina.travel\/de\/aktivitaeten\/\" \/>\n<meta property=\"og:site_name\" content=\"Visit Kotka-Hamina matkapaketit\" \/>\n<meta property=\"article:modified_time\" content=\"2022-02-22T13:37:51+00:00\" \/>\n<meta property=\"og:image\" content=\"https:\/\/elamys-group.imgix.net\/visit-kotka-hamina\/KotkaHamina_2X8A9686.jpg?auto=compressformat&ixlib=php-3.3.0&s=98aa11aaa3193568d1056a55b413196f\" \/>\n<meta name=\"twitter:card\" content=\"summary_large_image\" \/>\n<meta name=\"twitter:label1\" content=\"Gesch\u00e4tzte Lesezeit\" \/>\n\t<meta name=\"twitter:data1\" content=\"1 Minute\" \/>\n<script type=\"application\/ld+json\" class=\"yoast-schema-graph\">{\"@context\":\"https:\/\/schema.org\",\"@graph\":[{\"@type\":\"WebPage\",\"@id\":\"https:\/\/visitkotkahamina.travel\/de\/aktivitaeten\/\",\"url\":\"https:\/\/visitkotkahamina.travel\/de\/aktivitaeten\/\",\"name\":\"Aktivit\u00e4ten - Visit Kotka-Hamina matkapaketit\",\"isPartOf\":{\"@id\":\"https:\/\/visitkotkahamina.travel\/de\/#website\"},\"datePublished\":\"2022-02-15T16:14:15+00:00\",\"dateModified\":\"2022-02-22T13:37:51+00:00\",\"breadcrumb\":{\"@id\":\"https:\/\/visitkotkahamina.travel\/de\/aktivitaeten\/#breadcrumb\"},\"inLanguage\":\"de-DE\",\"potentialAction\":[{\"@type\":\"ReadAction\",\"target\":[\"https:\/\/visitkotkahamina.travel\/de\/aktivitaeten\/\"]}]},{\"@type\":\"BreadcrumbList\",\"@id\":\"https:\/\/visitkotkahamina.travel\/de\/aktivitaeten\/#breadcrumb\",\"itemListElement\":[{\"@type\":\"ListItem\",\"position\":1,\"name\":\"Home\",\"item\":\"https:\/\/visitkotkahamina.travel\/de\/\"},{\"@type\":\"ListItem\",\"position\":2,\"name\":\"Aktivit\u00e4ten\"}]},{\"@type\":\"WebSite\",\"@id\":\"https:\/\/visitkotkahamina.travel\/de\/#website\",\"url\":\"https:\/\/visitkotkahamina.travel\/de\/\",\"name\":\"Visit Kotka-Hamina matkapaketit\",\"description\":\"Hypp\u00e4\u00e4 uuteen seikkailuun!\",\"potentialAction\":[{\"@type\":\"SearchAction\",\"target\":{\"@type\":\"EntryPoint\",\"urlTemplate\":\"https:\/\/visitkotkahamina.travel\/de\/?s={search_term_string}\"},\"query-input\":\"required name=search_term_string\"}],\"inLanguage\":\"de-DE\"}]}<\/script>\n<!-- \/ Yoast SEO plugin. -->","yoast_head_json":{"title":"Aktivit\u00e4ten - Visit Kotka-Hamina matkapaketit","robots":{"index":"index","follow":"follow","max-snippet":"max-snippet:-1","max-image-preview":"max-image-preview:large","max-video-preview":"max-video-preview:-1"},"canonical":"https:\/\/visitkotkahamina.travel\/de\/aktivitaeten\/","og_locale":"de_DE","og_type":"article","og_title":"Aktivit\u00e4ten - Visit Kotka-Hamina matkapaketit","og_description":"Aktivit\u00e4tenSOMETHING FOR EVERYONEEnjoy multiple activities and services of the Southeast CoastUnterk\u00fcnfteUnforgettable accommodation destinationsLass dich von den vielf\u00e4ltigen Unterkunftsm\u00f6glichkeiten inspirieren, die in der wundersch\u00f6nen Natur und im Herzen der St\u00e4dte auf dich warten. Eine H\u00fctte am Flussufer, Luxusvilla im Wald oder Hotel am Meer? Wenn dir die Entscheidung schwerf\u00e4llt, dann planen doch eine kleine Tour und erlebe alles auf einmal \u2013 ... Read More","og_url":"https:\/\/visitkotkahamina.travel\/de\/aktivitaeten\/","og_site_name":"Visit Kotka-Hamina matkapaketit","article_modified_time":"2022-02-22T13:37:51+00:00","og_image":[{"url":"https:\/\/elamys-group.imgix.net\/visit-kotka-hamina\/KotkaHamina_2X8A9686.jpg?auto=compressformat&ixlib=php-3.3.0&s=98aa11aaa3193568d1056a55b413196f"}],"twitter_card":"summary_large_image","twitter_misc":{"Gesch\u00e4tzte Lesezeit":"1 Minute"},"schema":{"@context":"https:\/\/schema.org","@graph":[{"@type":"WebPage","@id":"https:\/\/visitkotkahamina.travel\/de\/aktivitaeten\/","url":"https:\/\/visitkotkahamina.travel\/de\/aktivitaeten\/","name":"Aktivit\u00e4ten - Visit Kotka-Hamina matkapaketit","isPartOf":{"@id":"https:\/\/visitkotkahamina.travel\/de\/#website"},"datePublished":"2022-02-15T16:14:15+00:00","dateModified":"2022-02-22T13:37:51+00:00","breadcrumb":{"@id":"https:\/\/visitkotkahamina.travel\/de\/aktivitaeten\/#breadcrumb"},"inLanguage":"de-DE","potentialAction":[{"@type":"ReadAction","target":["https:\/\/visitkotkahamina.travel\/de\/aktivitaeten\/"]}]},{"@type":"BreadcrumbList","@id":"https:\/\/visitkotkahamina.travel\/de\/aktivitaeten\/#breadcrumb","itemListElement":[{"@type":"ListItem","position":1,"name":"Home","item":"https:\/\/visitkotkahamina.travel\/de\/"},{"@type":"ListItem","position":2,"name":"Aktivit\u00e4ten"}]},{"@type":"WebSite","@id":"https:\/\/visitkotkahamina.travel\/de\/#website","url":"https:\/\/visitkotkahamina.travel\/de\/","name":"Visit Kotka-Hamina matkapaketit","description":"Hypp\u00e4\u00e4 uuteen seikkailuun!","potentialAction":[{"@type":"SearchAction","target":{"@type":"EntryPoint","urlTemplate":"https:\/\/visitkotkahamina.travel\/de\/?s={search_term_string}"},"query-input":"required name=search_term_string"}],"inLanguage":"de-DE"}]}},"_links":{"self":[{"href":"https:\/\/visitkotkahamina.travel\/de\/wp-json\/wp\/v2\/pages\/2464"}],"collection":[{"href":"https:\/\/visitkotkahamina.travel\/de\/wp-json\/wp\/v2\/pages"}],"about":[{"href":"https:\/\/visitkotkahamina.travel\/de\/wp-json\/wp\/v2\/types\/page"}],"author":[{"embeddable":true,"href":"https:\/\/visitkotkahamina.travel\/de\/wp-json\/wp\/v2\/users\/6"}],"replies":[{"embeddable":true,"href":"https:\/\/visitkotkahamina.travel\/de\/wp-json\/wp\/v2\/comments?post=2464"}],"version-history":[{"count":7,"href":"https:\/\/visitkotkahamina.travel\/de\/wp-json\/wp\/v2\/pages\/2464\/revisions"}],"predecessor-version":[{"id":2577,"href":"https:\/\/visitkotkahamina.travel\/de\/wp-json\/wp\/v2\/pages\/2464\/revisions\/2577"}],"wp:featuredmedia":[{"embeddable":true,"href":"https:\/\/visitkotkahamina.travel\/de\/wp-json\/wp\/v2\/media\/2466"}],"wp:attachment":[{"href":"https:\/\/visitkotkahamina.travel\/de\/wp-json\/wp\/v2\/media?parent=2464"}],"wp:term":[{"taxonomy":"category","embeddable":true,"href":"https:\/\/visitkotkahamina.travel\/de\/wp-json\/wp\/v2\/categories?post=2464"},{"taxonomy":"post_tag","embeddable":true,"href":"https:\/\/visitkotkahamina.travel\/de\/wp-json\/wp\/v2\/tags?post=2464"}],"curies":[{"name":"wp","href":"https:\/\/api.w.org\/{rel}","templated":true}]}}