{"id":2461,"date":"2021-01-25T13:24:28","date_gmt":"2021-01-25T11:24:28","guid":{"rendered":"https:\/\/visitkotkahamina.travel\/etusivu\/"},"modified":"2024-01-24T13:25:42","modified_gmt":"2024-01-24T11:25:42","slug":"hauptseite","status":"publish","type":"page","link":"https:\/\/visitkotkahamina.travel\/de\/","title":{"rendered":"Hauptseite"},"content":{"rendered":"<div id=\"cs-content\" class=\"cs-content\"><\/div>\n","protected":false},"excerpt":{"rendered":"<p>Buche dein Erlebnis!Du bist auf der Suche nach authentischen und lokalen Erlebnissen? Auf dieser Webseite von Visit Kotka-Hamina findest du ein breites Angebot \u2013 schau dich um!ReisepaketeAuf der Webseite f\u00fcr Reisepakete kannst du deine Reise an die S\u00fcdostk\u00fcste Finnlands ganz nach deinen W\u00fcnschen gestalten. Oder du entscheidest dich f\u00fcr eine unserer vorgefertigten Routen zu den beliebtesten Reisezielen der Region. Unter &#8230; <\/p>\n<div><a href=\"https:\/\/visitkotkahamina.travel\/de\/\" class=\"more-link\">Read More<\/a><\/div>\n","protected":false},"author":1,"featured_media":6785,"parent":0,"menu_order":0,"comment_status":"closed","ping_status":"closed","template":"template-blank-4.php","meta":[],"categories":[],"tags":[],"acf":[],"yoast_head":"<!-- This site is optimized with the Yoast SEO plugin v20.5 - https:\/\/yoast.com\/wordpress\/plugins\/seo\/ -->\n<title>Visit Kotka-Hamina matkapaketit - Hauptseite<\/title>\n<meta name=\"description\" content=\"Du bist auf der Suche nach authentischen und lokalen Erlebnissen? Auf dieser Webseite von Visit Kotka-Hamina findest du ein breites Angebot \u2013 schau dich um!\" \/>\n<meta name=\"robots\" content=\"index, follow, max-snippet:-1, max-image-preview:large, max-video-preview:-1\" \/>\n<link rel=\"canonical\" href=\"https:\/\/visitkotkahamina.travel\/de\/\" \/>\n<meta property=\"og:locale\" content=\"de_DE\" \/>\n<meta property=\"og:type\" content=\"article\" \/>\n<meta property=\"og:title\" content=\"Visit Kotka-Hamina matkapaketit - Hauptseite\" \/>\n<meta property=\"og:description\" content=\"Du bist auf der Suche nach authentischen und lokalen Erlebnissen? Auf dieser Webseite von Visit Kotka-Hamina findest du ein breites Angebot \u2013 schau dich um!\" \/>\n<meta property=\"og:url\" content=\"https:\/\/visitkotkahamina.travel\/de\/\" \/>\n<meta property=\"og:site_name\" content=\"Visit Kotka-Hamina matkapaketit\" \/>\n<meta property=\"article:modified_time\" content=\"2024-01-24T11:25:42+00:00\" \/>\n<meta property=\"og:image\" content=\"https:\/\/elamys-group.imgix.net\/visit-kotka-hamina\/KotkaHamina_2X8A6432_780x.jpg?auto=compress%2Cformat&ixlib=php-3.3.1&s=2d71efb730cd79b76b157683ad298f8e\" \/>\n\t<meta property=\"og:image:width\" content=\"780\" \/>\n\t<meta property=\"og:image:height\" content=\"816\" \/>\n\t<meta property=\"og:image:type\" content=\"image\/jpeg\" \/>\n<meta name=\"twitter:card\" content=\"summary_large_image\" \/>\n<meta name=\"twitter:title\" content=\"Visit Kotka-Hamina matkapaketit - Hauptseite\" \/>\n<meta name=\"twitter:description\" content=\"Du bist auf der Suche nach authentischen und lokalen Erlebnissen? Auf dieser Webseite von Visit Kotka-Hamina findest du ein breites Angebot \u2013 schau dich um!\" \/>\n<meta name=\"twitter:image\" content=\"https:\/\/elamys-group.imgix.net\/visit-kotka-hamina\/KotkaHamina_2X8A6432_780x.jpg?auto=compress%2Cformat&ixlib=php-3.3.1&s=2d71efb730cd79b76b157683ad298f8e\" \/>\n<meta name=\"twitter:label1\" content=\"Gesch\u00e4tzte Lesezeit\" \/>\n\t<meta name=\"twitter:data1\" content=\"1 Minute\" \/>\n<script type=\"application\/ld+json\" class=\"yoast-schema-graph\">{\"@context\":\"https:\/\/schema.org\",\"@graph\":[{\"@type\":\"WebPage\",\"@id\":\"https:\/\/visitkotkahamina.travel\/de\/\",\"url\":\"https:\/\/visitkotkahamina.travel\/de\/\",\"name\":\"Visit Kotka-Hamina matkapaketit - Hauptseite\",\"isPartOf\":{\"@id\":\"https:\/\/visitkotkahamina.travel\/de\/#website\"},\"datePublished\":\"2021-01-25T11:24:28+00:00\",\"dateModified\":\"2024-01-24T11:25:42+00:00\",\"description\":\"Du bist auf der Suche nach authentischen und lokalen Erlebnissen? Auf dieser Webseite von Visit Kotka-Hamina findest du ein breites Angebot \u2013 schau dich um!\",\"breadcrumb\":{\"@id\":\"https:\/\/visitkotkahamina.travel\/de\/#breadcrumb\"},\"inLanguage\":\"de-DE\",\"potentialAction\":[{\"@type\":\"ReadAction\",\"target\":[\"https:\/\/visitkotkahamina.travel\/de\/\"]}]},{\"@type\":\"BreadcrumbList\",\"@id\":\"https:\/\/visitkotkahamina.travel\/de\/#breadcrumb\",\"itemListElement\":[{\"@type\":\"ListItem\",\"position\":1,\"name\":\"Home\",\"item\":\"https:\/\/visitkotkahamina.travel\/de\/\"},{\"@type\":\"ListItem\",\"position\":2,\"name\":\"Hauptseite\"}]},{\"@type\":\"WebSite\",\"@id\":\"https:\/\/visitkotkahamina.travel\/de\/#website\",\"url\":\"https:\/\/visitkotkahamina.travel\/de\/\",\"name\":\"Visit Kotka-Hamina matkapaketit\",\"description\":\"Hypp\u00e4\u00e4 uuteen seikkailuun!\",\"potentialAction\":[{\"@type\":\"SearchAction\",\"target\":{\"@type\":\"EntryPoint\",\"urlTemplate\":\"https:\/\/visitkotkahamina.travel\/de\/?s={search_term_string}\"},\"query-input\":\"required name=search_term_string\"}],\"inLanguage\":\"de-DE\"}]}<\/script>\n<!-- \/ Yoast SEO plugin. -->","yoast_head_json":{"title":"Visit Kotka-Hamina matkapaketit - Hauptseite","description":"Du bist auf der Suche nach authentischen und lokalen Erlebnissen? Auf dieser Webseite von Visit Kotka-Hamina findest du ein breites Angebot \u2013 schau dich um!","robots":{"index":"index","follow":"follow","max-snippet":"max-snippet:-1","max-image-preview":"max-image-preview:large","max-video-preview":"max-video-preview:-1"},"canonical":"https:\/\/visitkotkahamina.travel\/de\/","og_locale":"de_DE","og_type":"article","og_title":"Visit Kotka-Hamina matkapaketit - Hauptseite","og_description":"Du bist auf der Suche nach authentischen und lokalen Erlebnissen? Auf dieser Webseite von Visit Kotka-Hamina findest du ein breites Angebot \u2013 schau dich um!","og_url":"https:\/\/visitkotkahamina.travel\/de\/","og_site_name":"Visit Kotka-Hamina matkapaketit","article_modified_time":"2024-01-24T11:25:42+00:00","og_image":[{"width":780,"height":816,"url":"https:\/\/elamys-group.imgix.net\/visit-kotka-hamina\/KotkaHamina_2X8A6432_780x.jpg?auto=compress%2Cformat&ixlib=php-3.3.1&s=2d71efb730cd79b76b157683ad298f8e","type":"image\/jpeg"}],"twitter_card":"summary_large_image","twitter_title":"Visit Kotka-Hamina matkapaketit - Hauptseite","twitter_description":"Du bist auf der Suche nach authentischen und lokalen Erlebnissen? Auf dieser Webseite von Visit Kotka-Hamina findest du ein breites Angebot \u2013 schau dich um!","twitter_image":"https:\/\/elamys-group.imgix.net\/visit-kotka-hamina\/KotkaHamina_2X8A6432_780x.jpg?auto=compress%2Cformat&ixlib=php-3.3.1&s=2d71efb730cd79b76b157683ad298f8e","twitter_misc":{"Gesch\u00e4tzte Lesezeit":"1 Minute"},"schema":{"@context":"https:\/\/schema.org","@graph":[{"@type":"WebPage","@id":"https:\/\/visitkotkahamina.travel\/de\/","url":"https:\/\/visitkotkahamina.travel\/de\/","name":"Visit Kotka-Hamina matkapaketit - Hauptseite","isPartOf":{"@id":"https:\/\/visitkotkahamina.travel\/de\/#website"},"datePublished":"2021-01-25T11:24:28+00:00","dateModified":"2024-01-24T11:25:42+00:00","description":"Du bist auf der Suche nach authentischen und lokalen Erlebnissen? Auf dieser Webseite von Visit Kotka-Hamina findest du ein breites Angebot \u2013 schau dich um!","breadcrumb":{"@id":"https:\/\/visitkotkahamina.travel\/de\/#breadcrumb"},"inLanguage":"de-DE","potentialAction":[{"@type":"ReadAction","target":["https:\/\/visitkotkahamina.travel\/de\/"]}]},{"@type":"BreadcrumbList","@id":"https:\/\/visitkotkahamina.travel\/de\/#breadcrumb","itemListElement":[{"@type":"ListItem","position":1,"name":"Home","item":"https:\/\/visitkotkahamina.travel\/de\/"},{"@type":"ListItem","position":2,"name":"Hauptseite"}]},{"@type":"WebSite","@id":"https:\/\/visitkotkahamina.travel\/de\/#website","url":"https:\/\/visitkotkahamina.travel\/de\/","name":"Visit Kotka-Hamina matkapaketit","description":"Hypp\u00e4\u00e4 uuteen seikkailuun!","potentialAction":[{"@type":"SearchAction","target":{"@type":"EntryPoint","urlTemplate":"https:\/\/visitkotkahamina.travel\/de\/?s={search_term_string}"},"query-input":"required name=search_term_string"}],"inLanguage":"de-DE"}]}},"_links":{"self":[{"href":"https:\/\/visitkotkahamina.travel\/de\/wp-json\/wp\/v2\/pages\/2461"}],"collection":[{"href":"https:\/\/visitkotkahamina.travel\/de\/wp-json\/wp\/v2\/pages"}],"about":[{"href":"https:\/\/visitkotkahamina.travel\/de\/wp-json\/wp\/v2\/types\/page"}],"author":[{"embeddable":true,"href":"https:\/\/visitkotkahamina.travel\/de\/wp-json\/wp\/v2\/users\/1"}],"replies":[{"embeddable":true,"href":"https:\/\/visitkotkahamina.travel\/de\/wp-json\/wp\/v2\/comments?post=2461"}],"version-history":[{"count":53,"href":"https:\/\/visitkotkahamina.travel\/de\/wp-json\/wp\/v2\/pages\/2461\/revisions"}],"predecessor-version":[{"id":5506,"href":"https:\/\/visitkotkahamina.travel\/de\/wp-json\/wp\/v2\/pages\/2461\/revisions\/5506"}],"wp:featuredmedia":[{"embeddable":true,"href":"https:\/\/visitkotkahamina.travel\/de\/wp-json\/wp\/v2\/media\/6785"}],"wp:attachment":[{"href":"https:\/\/visitkotkahamina.travel\/de\/wp-json\/wp\/v2\/media?parent=2461"}],"wp:term":[{"taxonomy":"category","embeddable":true,"href":"https:\/\/visitkotkahamina.travel\/de\/wp-json\/wp\/v2\/categories?post=2461"},{"taxonomy":"post_tag","embeddable":true,"href":"https:\/\/visitkotkahamina.travel\/de\/wp-json\/wp\/v2\/tags?post=2461"}],"curies":[{"name":"wp","href":"https:\/\/api.w.org\/{rel}","templated":true}]}}